{"id":1198,"date":"2023-11-07T17:01:30","date_gmt":"2023-11-07T16:01:30","guid":{"rendered":"https:\/\/www.lineofsight.eu\/?page_id=1198"},"modified":"2023-11-07T17:01:30","modified_gmt":"2023-11-07T16:01:30","slug":"line-of-sight-fotografie","status":"publish","type":"page","link":"https:\/\/www.lineofsight.eu\/de\/dienstleistungen\/line-of-sight-fotografie\/","title":{"rendered":"Line of Sight Fotografie"},"content":{"rendered":"\t\t<div data-elementor-type=\"wp-post\" data-elementor-id=\"1198\" class=\"elementor elementor-1198 elementor-1196\">\n\t\t\t\t\t\t<section class=\"elementor-section elementor-top-section elementor-element elementor-element-b22f82f elementor-section-boxed elementor-section-height-default elementor-section-height-default\" data-id=\"b22f82f\" data-element_type=\"section\">\n\t\t\t\t\t\t<div class=\"elementor-container elementor-column-gap-no\">\n\t\t\t\t\t<div class=\"elementor-column elementor-col-16 elementor-top-column elementor-element elementor-element-ba287c8\" data-id=\"ba287c8\" data-element_type=\"column\">\n\t\t\t<div class=\"elementor-widget-wrap\">\n\t\t\t\t\t\t\t<\/div>\n\t\t<\/div>\n\t\t\t\t<div class=\"elementor-column elementor-col-66 elementor-top-column elementor-element elementor-element-1f6b0ab\" data-id=\"1f6b0ab\" data-element_type=\"column\">\n\t\t\t<div class=\"elementor-widget-wrap elementor-element-populated\">\n\t\t\t\t\t\t<div class=\"elementor-element elementor-element-e6c09a6 elementor-widget elementor-widget-text-editor\" data-id=\"e6c09a6\" data-element_type=\"widget\" data-widget_type=\"text-editor.default\">\n\t\t\t\t<div class=\"elementor-widget-container\">\n\t\t\t\t\t\t\t\t\t<p>Eine Line of Sight (LOS) ist eine ungehinderte Sichtlinie f\u00fcr eine Strahlverbindung zwischen Telekommunikationsantennen. Diese Sichtverbindung wird durch Fernfotografie erfasst. Wir fotografieren von der Stelle, an der die Richtfunkverbindung hergestellt werden soll, bis zu den Orten in der Umgebung, zu denen eine Verbindung hergestellt werden kann. So l\u00e4sst sich feststellen, ob eine freie Sichtverbindung besteht oder nicht.<\/p>\n<p>Unser Team besteht aus professionellen Fotografen, die auch in ihrer Freizeit gerne klettern. Das garantiert eine hohe Qualit\u00e4t der Fotos und sicheres Arbeiten in der H\u00f6he.<\/p>\n\t\t\t\t\t\t\t\t<\/div>\n\t\t\t\t<\/div>\n\t\t\t\t\t<\/div>\n\t\t<\/div>\n\t\t\t\t<div class=\"elementor-column elementor-col-16 elementor-top-column elementor-element elementor-element-aea26f8\" data-id=\"aea26f8\" data-element_type=\"column\">\n\t\t\t<div class=\"elementor-widget-wrap\">\n\t\t\t\t\t\t\t<\/div>\n\t\t<\/div>\n\t\t\t\t\t<\/div>\n\t\t<\/section>\n\t\t\t\t<section class=\"elementor-section elementor-top-section elementor-element elementor-element-79b1ccda elementor-section-boxed elementor-section-height-default elementor-section-height-default\" data-id=\"79b1ccda\" data-element_type=\"section\">\n\t\t\t\t\t\t<div class=\"elementor-container elementor-column-gap-no\">\n\t\t\t\t\t<div class=\"elementor-column elementor-col-100 elementor-top-column elementor-element elementor-element-df6d830\" data-id=\"df6d830\" data-element_type=\"column\">\n\t\t\t<div class=\"elementor-widget-wrap elementor-element-populated\">\n\t\t\t\t\t\t<section class=\"elementor-section elementor-inner-section elementor-element elementor-element-4629446 elementor-section-boxed elementor-section-height-default elementor-section-height-default\" data-id=\"4629446\" data-element_type=\"section\">\n\t\t\t\t\t\t<div class=\"elementor-container elementor-column-gap-default\">\n\t\t\t\t\t<div class=\"elementor-column elementor-col-50 elementor-inner-column elementor-element elementor-element-3052c73f\" data-id=\"3052c73f\" data-element_type=\"column\">\n\t\t\t<div class=\"elementor-widget-wrap elementor-element-populated\">\n\t\t\t\t\t\t<div class=\"elementor-element elementor-element-5bc2c3f9 elementor-widget elementor-widget-image\" data-id=\"5bc2c3f9\" data-element_type=\"widget\" data-widget_type=\"image.default\">\n\t\t\t\t<div class=\"elementor-widget-container\">\n\t\t\t\t\t\t\t\t\t\t\t\t\t\t\t<img fetchpriority=\"high\" decoding=\"async\" width=\"1536\" height=\"1024\" src=\"https:\/\/www.lineofsight.eu\/wp-content\/uploads\/2023\/07\/masten-en-daken-1536x1024.jpeg\" class=\"attachment-1536x1536 size-1536x1536 wp-image-1524\" alt=\"\" srcset=\"https:\/\/www.lineofsight.eu\/wp-content\/uploads\/2023\/07\/masten-en-daken-1536x1024.jpeg 1536w, https:\/\/www.lineofsight.eu\/wp-content\/uploads\/2023\/07\/masten-en-daken-300x200.jpeg 300w, https:\/\/www.lineofsight.eu\/wp-content\/uploads\/2023\/07\/masten-en-daken-1024x683.jpeg 1024w, https:\/\/www.lineofsight.eu\/wp-content\/uploads\/2023\/07\/masten-en-daken-768x512.jpeg 768w, https:\/\/www.lineofsight.eu\/wp-content\/uploads\/2023\/07\/masten-en-daken-2048x1365.jpeg 2048w\" sizes=\"(max-width: 1536px) 100vw, 1536px\" \/>\t\t\t\t\t\t\t\t\t\t\t\t\t\t\t<\/div>\n\t\t\t\t<\/div>\n\t\t\t\t<div class=\"elementor-element elementor-element-1c6f5bb9 elementor-widget elementor-widget-heading\" data-id=\"1c6f5bb9\" data-element_type=\"widget\" data-widget_type=\"heading.default\">\n\t\t\t\t<div class=\"elementor-widget-container\">\n\t\t\t\t\t<h4 class=\"elementor-heading-title elementor-size-default\">Maste und D\u00e4cher<\/h4>\t\t\t\t<\/div>\n\t\t\t\t<\/div>\n\t\t\t\t<div class=\"elementor-element elementor-element-9bf98bb elementor-widget elementor-widget-text-editor\" data-id=\"9bf98bb\" data-element_type=\"widget\" data-widget_type=\"text-editor.default\">\n\t\t\t\t<div class=\"elementor-widget-container\">\n\t\t\t\t\t\t\t\t\t<p>Wir klettern auf Masten f\u00fcr die LOS Tests. Grunds\u00e4tzlich f\u00fchren wir eine LOS Test f\u00fcr einen Dachstandort vom Dach aus durch. <span style=\"font-style: inherit;\">Wir arbeiten mit Teams bestehend aus einem Kletterer und einem Sicherheitsmann. Wir sind geschult, um in den extremsten Situationen sicher zu arbeiten.<\/span><\/p>\n\t\t\t\t\t\t\t\t<\/div>\n\t\t\t\t<\/div>\n\t\t\t\t\t<\/div>\n\t\t<\/div>\n\t\t\t\t<div class=\"elementor-column elementor-col-50 elementor-inner-column elementor-element elementor-element-74ca3ea\" data-id=\"74ca3ea\" data-element_type=\"column\">\n\t\t\t<div class=\"elementor-widget-wrap elementor-element-populated\">\n\t\t\t\t\t\t<div class=\"elementor-element elementor-element-3f3fdc4f elementor-widget elementor-widget-image\" data-id=\"3f3fdc4f\" data-element_type=\"widget\" data-widget_type=\"image.default\">\n\t\t\t\t<div class=\"elementor-widget-container\">\n\t\t\t\t\t\t\t\t\t\t\t\t\t\t\t<img decoding=\"async\" width=\"1536\" height=\"1024\" src=\"https:\/\/www.lineofsight.eu\/wp-content\/uploads\/2022\/01\/hoogspanning-maat-1536x1024.jpg\" class=\"attachment-1536x1536 size-1536x1536 wp-image-890\" alt=\"\" srcset=\"https:\/\/www.lineofsight.eu\/wp-content\/uploads\/2022\/01\/hoogspanning-maat-1536x1024.jpg 1536w, https:\/\/www.lineofsight.eu\/wp-content\/uploads\/2022\/01\/hoogspanning-maat-300x200.jpg 300w, https:\/\/www.lineofsight.eu\/wp-content\/uploads\/2022\/01\/hoogspanning-maat-1024x682.jpg 1024w, https:\/\/www.lineofsight.eu\/wp-content\/uploads\/2022\/01\/hoogspanning-maat-768x512.jpg 768w, https:\/\/www.lineofsight.eu\/wp-content\/uploads\/2022\/01\/hoogspanning-maat.jpg 1772w\" sizes=\"(max-width: 1536px) 100vw, 1536px\" \/>\t\t\t\t\t\t\t\t\t\t\t\t\t\t\t<\/div>\n\t\t\t\t<\/div>\n\t\t\t\t<div class=\"elementor-element elementor-element-26d042e elementor-widget elementor-widget-heading\" data-id=\"26d042e\" data-element_type=\"widget\" data-widget_type=\"heading.default\">\n\t\t\t\t<div class=\"elementor-widget-container\">\n\t\t\t\t\t<h4 class=\"elementor-heading-title elementor-size-default\">Hochspannungsmaste<\/h4>\t\t\t\t<\/div>\n\t\t\t\t<\/div>\n\t\t\t\t<div class=\"elementor-element elementor-element-1355f91b elementor-widget elementor-widget-text-editor\" data-id=\"1355f91b\" data-element_type=\"widget\" data-widget_type=\"text-editor.default\">\n\t\t\t\t<div class=\"elementor-widget-container\">\n\t\t\t\t\t\t\t\t\t<p>Wir verwenden unsere Drohne f\u00fcr Standorte, an denen sich die Ausr\u00fcstung in einem Hochspannungsmast befindet. Unsere Drohne kann und darf dem Mast sehr nahe kommen.<\/p>\n\t\t\t\t\t\t\t\t<\/div>\n\t\t\t\t<\/div>\n\t\t\t\t\t<\/div>\n\t\t<\/div>\n\t\t\t\t\t<\/div>\n\t\t<\/section>\n\t\t\t\t<section class=\"elementor-section elementor-inner-section elementor-element elementor-element-3867469 elementor-section-boxed elementor-section-height-default elementor-section-height-default\" data-id=\"3867469\" data-element_type=\"section\">\n\t\t\t\t\t\t<div class=\"elementor-container elementor-column-gap-default\">\n\t\t\t\t\t<div class=\"elementor-column elementor-col-50 elementor-inner-column elementor-element elementor-element-7ff02ac\" data-id=\"7ff02ac\" data-element_type=\"column\">\n\t\t\t<div class=\"elementor-widget-wrap elementor-element-populated\">\n\t\t\t\t\t\t<div class=\"elementor-element elementor-element-ee04edd elementor-widget elementor-widget-image\" data-id=\"ee04edd\" data-element_type=\"widget\" data-widget_type=\"image.default\">\n\t\t\t\t<div class=\"elementor-widget-container\">\n\t\t\t\t\t\t\t\t\t\t\t\t\t\t\t<img decoding=\"async\" width=\"1536\" height=\"1017\" src=\"https:\/\/www.lineofsight.eu\/wp-content\/uploads\/2022\/01\/events-maat-1536x1017.jpg\" class=\"attachment-1536x1536 size-1536x1536 wp-image-888\" alt=\"\" srcset=\"https:\/\/www.lineofsight.eu\/wp-content\/uploads\/2022\/01\/events-maat-1536x1017.jpg 1536w, https:\/\/www.lineofsight.eu\/wp-content\/uploads\/2022\/01\/events-maat-300x199.jpg 300w, https:\/\/www.lineofsight.eu\/wp-content\/uploads\/2022\/01\/events-maat-1024x678.jpg 1024w, https:\/\/www.lineofsight.eu\/wp-content\/uploads\/2022\/01\/events-maat-768x509.jpg 768w, https:\/\/www.lineofsight.eu\/wp-content\/uploads\/2022\/01\/events-maat.jpg 1783w\" sizes=\"(max-width: 1536px) 100vw, 1536px\" \/>\t\t\t\t\t\t\t\t\t\t\t\t\t\t\t<\/div>\n\t\t\t\t<\/div>\n\t\t\t\t<div class=\"elementor-element elementor-element-84174dc elementor-widget elementor-widget-heading\" data-id=\"84174dc\" data-element_type=\"widget\" data-widget_type=\"heading.default\">\n\t\t\t\t<div class=\"elementor-widget-container\">\n\t\t\t\t\t<h4 class=\"elementor-heading-title elementor-size-default\">Events<\/h4>\t\t\t\t<\/div>\n\t\t\t\t<\/div>\n\t\t\t\t<div class=\"elementor-element elementor-element-c5fffa6 elementor-widget elementor-widget-text-editor\" data-id=\"c5fffa6\" data-element_type=\"widget\" data-widget_type=\"text-editor.default\">\n\t\t\t\t<div class=\"elementor-widget-container\">\n\t\t\t\t\t\t\t\t\t<p>Bei Veranstaltungen werden tempor\u00e4re Masten aufgestellt, um die gro\u00dfe Besucherzahl zus\u00e4tzlich abzudecken. Bevor der Mast gebaut wird, machen wir mit unserer Drohne einen LOS-Test. Die Masten stehen oft mitten im Feld und mit der Drohne kommen wir genau an die richtige Stelle.<\/p>\n\t\t\t\t\t\t\t\t<\/div>\n\t\t\t\t<\/div>\n\t\t\t\t\t<\/div>\n\t\t<\/div>\n\t\t\t\t<div class=\"elementor-column elementor-col-50 elementor-inner-column elementor-element elementor-element-87d6fff\" data-id=\"87d6fff\" data-element_type=\"column\">\n\t\t\t<div class=\"elementor-widget-wrap elementor-element-populated\">\n\t\t\t\t\t\t<div class=\"elementor-element elementor-element-bf28687 elementor-widget elementor-widget-image\" data-id=\"bf28687\" data-element_type=\"widget\" data-widget_type=\"image.default\">\n\t\t\t\t<div class=\"elementor-widget-container\">\n\t\t\t\t\t\t\t\t\t\t\t\t\t\t\t<img loading=\"lazy\" decoding=\"async\" width=\"1427\" height=\"945\" src=\"https:\/\/www.lineofsight.eu\/wp-content\/uploads\/2022\/01\/zakelijke-markt-maat.jpg\" class=\"attachment-1536x1536 size-1536x1536 wp-image-896\" alt=\"\" srcset=\"https:\/\/www.lineofsight.eu\/wp-content\/uploads\/2022\/01\/zakelijke-markt-maat.jpg 1427w, https:\/\/www.lineofsight.eu\/wp-content\/uploads\/2022\/01\/zakelijke-markt-maat-300x199.jpg 300w, https:\/\/www.lineofsight.eu\/wp-content\/uploads\/2022\/01\/zakelijke-markt-maat-1024x678.jpg 1024w, https:\/\/www.lineofsight.eu\/wp-content\/uploads\/2022\/01\/zakelijke-markt-maat-768x509.jpg 768w\" sizes=\"(max-width: 1427px) 100vw, 1427px\" \/>\t\t\t\t\t\t\t\t\t\t\t\t\t\t\t<\/div>\n\t\t\t\t<\/div>\n\t\t\t\t<div class=\"elementor-element elementor-element-31f73af elementor-widget elementor-widget-heading\" data-id=\"31f73af\" data-element_type=\"widget\" data-widget_type=\"heading.default\">\n\t\t\t\t<div class=\"elementor-widget-container\">\n\t\t\t\t\t<h4 class=\"elementor-heading-title elementor-size-default\">Firmenkundenmarkt<\/h4>\t\t\t\t<\/div>\n\t\t\t\t<\/div>\n\t\t\t\t<div class=\"elementor-element elementor-element-ba39749 elementor-widget elementor-widget-text-editor\" data-id=\"ba39749\" data-element_type=\"widget\" data-widget_type=\"text-editor.default\">\n\t\t\t\t<div class=\"elementor-widget-container\">\n\t\t\t\t\t\t\t\t\t<p>Gesch\u00e4ftskunden k\u00f6nnen ein Richtfunk f\u00fcr ihr eigenes Internet nutzen. Vom Dach aus pr\u00fcfen wir, ob eine Verbindung zu einem anderen Standort in der Umgebung m\u00f6glich ist. Bei Bedarf k\u00f6nnen wir hier auch die Drohne einsetzen.<\/p>\n\t\t\t\t\t\t\t\t<\/div>\n\t\t\t\t<\/div>\n\t\t\t\t\t<\/div>\n\t\t<\/div>\n\t\t\t\t\t<\/div>\n\t\t<\/section>\n\t\t\t\t<section class=\"elementor-section elementor-inner-section elementor-element elementor-element-8900807 elementor-section-boxed elementor-section-height-default elementor-section-height-default\" data-id=\"8900807\" data-element_type=\"section\">\n\t\t\t\t\t\t<div class=\"elementor-container elementor-column-gap-default\">\n\t\t\t\t\t<div class=\"elementor-column elementor-col-100 elementor-inner-column elementor-element elementor-element-728179e\" data-id=\"728179e\" data-element_type=\"column\">\n\t\t\t<div class=\"elementor-widget-wrap\">\n\t\t\t\t\t\t\t<\/div>\n\t\t<\/div>\n\t\t\t\t\t<\/div>\n\t\t<\/section>\n\t\t\t\t\t<\/div>\n\t\t<\/div>\n\t\t\t\t\t<\/div>\n\t\t<\/section>\n\t\t\t\t<\/div>\n\t\t","protected":false},"excerpt":{"rendered":"<p>Eine Line of Sight (LOS) ist eine ungehinderte Sichtlinie f\u00fcr eine Strahlverbindung zwischen Telekommunikationsantennen. Diese Sichtverbindung wird durch Fernfotografie erfasst. Wir fotografieren von der Stelle, an der die Richtfunkverbindung hergestellt werden soll, bis zu den Orten in der Umgebung, zu denen eine Verbindung hergestellt werden kann. So l\u00e4sst sich feststellen, ob eine freie Sichtverbindung besteht[&hellip;]<\/p>\n","protected":false},"author":1,"featured_media":0,"parent":916,"menu_order":1,"comment_status":"closed","ping_status":"closed","template":"elementor_header_footer","meta":{"zakra_general_container_width":0,"zakra_general_content_width":0,"zakra_general_sidebar_width":0,"zakra_sticky_header":"customizer","zakra_header_main_area":true,"zakra_site_logo_width":0,"zakra_header_top_enabled":"customizer","zakra_header_top_style":"customizer","zakra_primary_menu_item_style":"customizer","zakra_page_header_text_color":"","zakra_page_header_layout":"customizer","zakra_page_title_bg":"","zakra_footer_widgets_bg_image":0,"zakra_page_title_bg_repeat":"customizer","zakra_page_title_bg_position":"customizer","zakra_page_title_bg_size":"customizer","zakra_page_title_bg_attachment":"customizer","zakra_breadcrumbs_enabled":"customizer","zakra_breadcrumbs_text_color":"","zakra_breadcrumbs_separator_color":"","zakra_breadcrumbs_link_color":"","zakra_breadcrumbs_link_hover_color":"","zakra_page_title_bg_image":0,"zakra_footer_widgets_enabled":"customizer","zakra_footer_column_layout_1_style":"customizer","zakra_footer_widgets_bg":"","zakra_footer_widgets_bg_repeat":"customizer","zakra_footer_widgets_bg_position":"customizer","zakra_footer_widgets_bg_size":"customizer","zakra_footer_widgets_bg_attachment":"customizer","zakra_footer_bar_enabled":"customizer","zakra_footer_bar_style":"customizer","zakra_page_container_layout":"customizer","zakra_page_sidebar_layout":"customizer","zakra_remove_content_margin":false,"zakra_sidebar":"customizer","zakra_transparent_header":"customizer","zakra_logo":0,"zakra_main_header_style":"default","zakra_menu_item_color":"","zakra_menu_item_hover_color":"","zakra_menu_item_active_color":"","zakra_menu_active_style":"","zakra_page_header":true,"footnotes":""},"class_list":["post-1198","page","type-page","status-publish","hentry"],"_links":{"self":[{"href":"https:\/\/www.lineofsight.eu\/de\/wp-json\/wp\/v2\/pages\/1198","targetHints":{"allow":["GET"]}}],"collection":[{"href":"https:\/\/www.lineofsight.eu\/de\/wp-json\/wp\/v2\/pages"}],"about":[{"href":"https:\/\/www.lineofsight.eu\/de\/wp-json\/wp\/v2\/types\/page"}],"author":[{"embeddable":true,"href":"https:\/\/www.lineofsight.eu\/de\/wp-json\/wp\/v2\/users\/1"}],"replies":[{"embeddable":true,"href":"https:\/\/www.lineofsight.eu\/de\/wp-json\/wp\/v2\/comments?post=1198"}],"version-history":[{"count":0,"href":"https:\/\/www.lineofsight.eu\/de\/wp-json\/wp\/v2\/pages\/1198\/revisions"}],"up":[{"embeddable":true,"href":"https:\/\/www.lineofsight.eu\/de\/wp-json\/wp\/v2\/pages\/916"}],"wp:attachment":[{"href":"https:\/\/www.lineofsight.eu\/de\/wp-json\/wp\/v2\/media?parent=1198"}],"curies":[{"name":"wp","href":"https:\/\/api.w.org\/{rel}","templated":true}]}}