{"id":1209,"date":"2023-11-07T17:00:27","date_gmt":"2023-11-07T16:00:27","guid":{"rendered":"https:\/\/www.lineofsight.eu\/?page_id=1209"},"modified":"2024-01-22T13:50:47","modified_gmt":"2024-01-22T12:50:47","slug":"seilzugang","status":"publish","type":"page","link":"https:\/\/www.lineofsight.eu\/de\/dienstleistungen\/seilzugang\/","title":{"rendered":"Seilzugang"},"content":{"rendered":"\t\t<div data-elementor-type=\"wp-post\" data-elementor-id=\"1209\" class=\"elementor elementor-1209 elementor-1208\">\n\t\t\t\t\t\t<section class=\"elementor-section elementor-top-section elementor-element elementor-element-5828c2b elementor-section-boxed elementor-section-height-default elementor-section-height-default\" data-id=\"5828c2b\" data-element_type=\"section\">\n\t\t\t\t\t\t<div class=\"elementor-container elementor-column-gap-no\">\n\t\t\t\t\t<div class=\"elementor-column elementor-col-16 elementor-top-column elementor-element elementor-element-88c1d4e\" data-id=\"88c1d4e\" data-element_type=\"column\">\n\t\t\t<div class=\"elementor-widget-wrap\">\n\t\t\t\t\t\t\t<\/div>\n\t\t<\/div>\n\t\t\t\t<div class=\"elementor-column elementor-col-66 elementor-top-column elementor-element elementor-element-90c1c65\" data-id=\"90c1c65\" data-element_type=\"column\">\n\t\t\t<div class=\"elementor-widget-wrap elementor-element-populated\">\n\t\t\t\t\t\t<div class=\"elementor-element elementor-element-3fccd14 elementor-widget elementor-widget-text-editor\" data-id=\"3fccd14\" data-element_type=\"widget\" data-widget_type=\"text-editor.default\">\n\t\t\t\t<div class=\"elementor-widget-container\">\n\t\t\t\t\t\t\t\t\t<p>Der Seilzugang erfolgt an schwer zug\u00e4nglichen Stellen, die mit einer Hubarbeitsb\u00fchne nur schwer oder gar nicht erreicht werden k\u00f6nnen oder wo ein Ger\u00fcst nicht in Frage kommt. Mit Kletter- und Abseiltechniken kommen wir fast \u00fcberall hin. Auch an Stellen, die Sie f\u00fcr unzug\u00e4nglich hielten.<\/p><p><span style=\"font-style: inherit;\">Unsere Rope-Access-Mitarbeiter sind IRATA-geschult und verf\u00fcgen \u00fcber Erste-Hilfe-Zertifikate. Au\u00dferdem verf\u00fcgen sie \u00fcber umfangreiche praktische Erfahrungen mit Kletter- und Rettungstechniken. Sie verf\u00fcgen \u00fcber die professionellste Ausr\u00fcstung, die sorgf\u00e4ltig gewartet wird.<\/span><\/p><p>Der Seilzugang hat viele Vorteile:<br \/><strong>Der Seilzugang ist sicher<\/strong><br \/>Unabh\u00e4ngig zertifizierte Seilzugangstechniker sind nachweislich sicher bei der Arbeit, es gibt kaum Unf\u00e4lle. Das erkl\u00e4rt sich auch aus der einfachen Tatsache, dass sie selbst in den Seilen h\u00e4ngen und sich deshalb gr\u00fcndlich vorbereiten und nur mit den besten, sichersten und effizientesten Materialien arbeiten wollen.<\/p><p><strong>Der Seilzugang ist vielseitig<\/strong><br \/>Seilzugangstechniken werden in einer Vielzahl von Umgebungen eingesetzt, von kleinen R\u00e4umen bis hin zu komplizierten Stahlinstallationen oder Betonstrukturen. Im Gegensatz zu herk\u00f6mmlichen Zugangsmethoden wie Ger\u00fcsten und Hubarbeitsb\u00fchnen k\u00f6nnen ma\u00dfgeschneiderte Seilzugangstechniken schnell und kosteng\u00fcnstig f\u00fcr unterschiedliche Anwendungen eingesetzt werden.<\/p><p><strong>Der Seilzugang ist effizient<\/strong><br \/>Die Systeme sind schnell installiert und demontiert und erfordern oft weniger Personal als herk\u00f6mmliche Zugangsmethoden. Der schnelle Einsatz reduziert die Unterbrechung des Betriebs durch minimale Ausfallzeiten.<\/p><p><strong>Der Seilzugang ist kosteneffektiv<\/strong><br \/>Weniger Personal, schnellere Fertigstellung, weniger Ausr\u00fcstung und minimale Ausfallzeiten bedeuten geringere Kosten.<\/p>\t\t\t\t\t\t\t\t<\/div>\n\t\t\t\t<\/div>\n\t\t\t\t\t<\/div>\n\t\t<\/div>\n\t\t\t\t<div class=\"elementor-column elementor-col-16 elementor-top-column elementor-element elementor-element-d325315\" data-id=\"d325315\" data-element_type=\"column\">\n\t\t\t<div class=\"elementor-widget-wrap\">\n\t\t\t\t\t\t\t<\/div>\n\t\t<\/div>\n\t\t\t\t\t<\/div>\n\t\t<\/section>\n\t\t\t\t<section class=\"elementor-section elementor-top-section elementor-element elementor-element-79b1ccda elementor-section-boxed elementor-section-height-default elementor-section-height-default\" data-id=\"79b1ccda\" data-element_type=\"section\">\n\t\t\t\t\t\t<div class=\"elementor-container elementor-column-gap-no\">\n\t\t\t\t\t<div class=\"elementor-column elementor-col-100 elementor-top-column elementor-element elementor-element-df6d830\" data-id=\"df6d830\" data-element_type=\"column\">\n\t\t\t<div class=\"elementor-widget-wrap elementor-element-populated\">\n\t\t\t\t\t\t<section class=\"elementor-section elementor-inner-section elementor-element elementor-element-4629446 elementor-section-boxed elementor-section-height-default elementor-section-height-default\" data-id=\"4629446\" data-element_type=\"section\">\n\t\t\t\t\t\t<div class=\"elementor-container elementor-column-gap-default\">\n\t\t\t\t\t<div class=\"elementor-column elementor-col-50 elementor-inner-column elementor-element elementor-element-3052c73f\" data-id=\"3052c73f\" data-element_type=\"column\">\n\t\t\t<div class=\"elementor-widget-wrap elementor-element-populated\">\n\t\t\t\t\t\t<div class=\"elementor-element elementor-element-5bc2c3f9 elementor-widget elementor-widget-image\" data-id=\"5bc2c3f9\" data-element_type=\"widget\" data-widget_type=\"image.default\">\n\t\t\t\t<div class=\"elementor-widget-container\">\n\t\t\t\t\t\t\t\t\t\t\t\t\t\t\t<img decoding=\"async\" src=\"https:\/\/www.lineofsight.eu\/wp-content\/uploads\/elementor\/thumbs\/Walibi-3-licht-scaled-q90e032lxv8lvg7pgvhyt3eivx0j2okg33waz7ysjk.jpeg\" title=\"Walibi 3 licht\" alt=\"Walibi 3 licht\" loading=\"lazy\" \/>\t\t\t\t\t\t\t\t\t\t\t\t\t\t\t<\/div>\n\t\t\t\t<\/div>\n\t\t\t\t<div class=\"elementor-element elementor-element-1c6f5bb9 elementor-widget elementor-widget-heading\" data-id=\"1c6f5bb9\" data-element_type=\"widget\" data-widget_type=\"heading.default\">\n\t\t\t\t<div class=\"elementor-widget-container\">\n\t\t\t\t\t<h4 class=\"elementor-heading-title elementor-size-default\">NDT-Pr\u00fcfung<\/h4>\t\t\t\t<\/div>\n\t\t\t\t<\/div>\n\t\t\t\t<div class=\"elementor-element elementor-element-5654e75e elementor-widget elementor-widget-text-editor\" data-id=\"5654e75e\" data-element_type=\"widget\" data-widget_type=\"text-editor.default\">\n\t\t\t\t<div class=\"elementor-widget-container\">\n\t\t\t\t\t\t\t\t\t<p>Der Goliath ist eine Stahlachterbahn im Freizeitpark Walibi Holland in Biddinghuizen. Mit einer H\u00f6he von 46,8 Metern ist es f\u00fcr die technische Abteilung schwierig, die gesamte Achterbahn mit einer Hebeb\u00fchne zu inspizieren. Unsere Rope Access-Mitarbeiter \u00fcberpr\u00fcften die schwer zug\u00e4nglichen Teile des Goliath auf Schwei\u00dfn\u00e4hte und Verformungen.<\/p>\n\t\t\t\t\t\t\t\t<\/div>\n\t\t\t\t<\/div>\n\t\t\t\t\t<\/div>\n\t\t<\/div>\n\t\t\t\t<div class=\"elementor-column elementor-col-50 elementor-inner-column elementor-element elementor-element-6d9b916\" data-id=\"6d9b916\" data-element_type=\"column\">\n\t\t\t<div class=\"elementor-widget-wrap elementor-element-populated\">\n\t\t\t\t\t\t<div class=\"elementor-element elementor-element-58ed1e8 elementor-widget elementor-widget-image\" data-id=\"58ed1e8\" data-element_type=\"widget\" data-widget_type=\"image.default\">\n\t\t\t\t<div class=\"elementor-widget-container\">\n\t\t\t\t\t\t\t\t\t\t\t\t\t\t\t<img decoding=\"async\" src=\"https:\/\/www.lineofsight.eu\/wp-content\/uploads\/elementor\/thumbs\/Kuip-1-scaled-q90dzydezp269eej8bgtyml7wznp071segmvku5reo.jpeg\" title=\"Kuip 1\" alt=\"Kuip 1\" loading=\"lazy\" \/>\t\t\t\t\t\t\t\t\t\t\t\t\t\t\t<\/div>\n\t\t\t\t<\/div>\n\t\t\t\t<div class=\"elementor-element elementor-element-1746aea elementor-widget elementor-widget-heading\" data-id=\"1746aea\" data-element_type=\"widget\" data-widget_type=\"heading.default\">\n\t\t\t\t<div class=\"elementor-widget-container\">\n\t\t\t\t\t<h4 class=\"elementor-heading-title elementor-size-default\">Reinigung<\/h4>\t\t\t\t<\/div>\n\t\t\t\t<\/div>\n\t\t\t\t<div class=\"elementor-element elementor-element-46ccab6 elementor-widget elementor-widget-text-editor\" data-id=\"46ccab6\" data-element_type=\"widget\" data-widget_type=\"text-editor.default\">\n\t\t\t\t<div class=\"elementor-widget-container\">\n\t\t\t\t\t\t\t\t\t<p>Das Feyenoord-Stadion in Rotterdam hat viele \u00dcberwachungskameras, die gereinigt werden m\u00fcssen. Mit Hilfe des Seilzugangs werden die schwer zug\u00e4nglichen Kameras regelm\u00e4\u00dfig gereinigt.<\/p>\n\t\t\t\t\t\t\t\t<\/div>\n\t\t\t\t<\/div>\n\t\t\t\t\t<\/div>\n\t\t<\/div>\n\t\t\t\t\t<\/div>\n\t\t<\/section>\n\t\t\t\t<section class=\"elementor-section elementor-inner-section elementor-element elementor-element-3867469 elementor-section-boxed elementor-section-height-default elementor-section-height-default\" data-id=\"3867469\" data-element_type=\"section\">\n\t\t\t\t\t\t<div class=\"elementor-container elementor-column-gap-default\">\n\t\t\t\t\t<div class=\"elementor-column elementor-col-50 elementor-inner-column elementor-element elementor-element-74ca3ea\" data-id=\"74ca3ea\" data-element_type=\"column\">\n\t\t\t<div class=\"elementor-widget-wrap elementor-element-populated\">\n\t\t\t\t\t\t<div class=\"elementor-element elementor-element-3f3fdc4f elementor-widget elementor-widget-image\" data-id=\"3f3fdc4f\" data-element_type=\"widget\" data-widget_type=\"image.default\">\n\t\t\t\t<div class=\"elementor-widget-container\">\n\t\t\t\t\t\t\t\t\t\t\t\t\t\t\t<img decoding=\"async\" src=\"https:\/\/www.lineofsight.eu\/wp-content\/uploads\/elementor\/thumbs\/Hefbrug-scaled-q90dzsqduougbqmq5912jo0gcofhq0fedopyp6e4g0.jpeg\" title=\"Hefbrug\" alt=\"Hefbrug\" loading=\"lazy\" \/>\t\t\t\t\t\t\t\t\t\t\t\t\t\t\t<\/div>\n\t\t\t\t<\/div>\n\t\t\t\t<div class=\"elementor-element elementor-element-26d042e elementor-widget elementor-widget-heading\" data-id=\"26d042e\" data-element_type=\"widget\" data-widget_type=\"heading.default\">\n\t\t\t\t<div class=\"elementor-widget-container\">\n\t\t\t\t\t<h4 class=\"elementor-heading-title elementor-size-default\">Installation<\/h4>\t\t\t\t<\/div>\n\t\t\t\t<\/div>\n\t\t\t\t<div class=\"elementor-element elementor-element-1355f91b elementor-widget__width-initial elementor-widget elementor-widget-text-editor\" data-id=\"1355f91b\" data-element_type=\"widget\" data-widget_type=\"text-editor.default\">\n\t\t\t\t<div class=\"elementor-widget-container\">\n\t\t\t\t\t\t\t\t\t<p>Manche Stellen in der H\u00f6he sind schwer zu erreichen, und dann ist der Einsatz von Rope Access die einzige Option. Manchmal \u00fcberwiegen auch die Kosten f\u00fcr den Einsatz von Ger\u00fcsten und Hubarbeitsb\u00fchnen nicht den Nutzen. Line of Sight setzt Rope Access ein, um beispielsweise Antennen in Telekommunikationsmasten oder Kameras an Geb\u00e4uden zu installieren. Dabei kommen unter anderem Seilwinden zum Einsatz, spezielle Werkzeuge, mit denen die Installation einfach und schnell hochgezogen und gehalten werden kann. Auf diese Weise kann eine Installation sicher und kosteneffizient durchgef\u00fchrt werden. <\/p>\n\t\t\t\t\t\t\t\t<\/div>\n\t\t\t\t<\/div>\n\t\t\t\t\t<\/div>\n\t\t<\/div>\n\t\t\t\t<div class=\"elementor-column elementor-col-50 elementor-inner-column elementor-element elementor-element-7ff02ac\" data-id=\"7ff02ac\" data-element_type=\"column\">\n\t\t\t<div class=\"elementor-widget-wrap elementor-element-populated\">\n\t\t\t\t\t\t<div class=\"elementor-element elementor-element-ee04edd elementor-widget elementor-widget-image\" data-id=\"ee04edd\" data-element_type=\"widget\" data-widget_type=\"image.default\">\n\t\t\t\t<div class=\"elementor-widget-container\">\n\t\t\t\t\t\t\t\t\t\t\t\t\t\t\t<img decoding=\"async\" src=\"https:\/\/www.lineofsight.eu\/wp-content\/uploads\/elementor\/thumbs\/Dortmund-qiooybk208vax3a4gh3cft99euunpd5j4qhnprde68.jpg\" title=\"Dortmund\" alt=\"Dortmund\" loading=\"lazy\" \/>\t\t\t\t\t\t\t\t\t\t\t\t\t\t\t<\/div>\n\t\t\t\t<\/div>\n\t\t\t\t<div class=\"elementor-element elementor-element-84174dc elementor-widget elementor-widget-heading\" data-id=\"84174dc\" data-element_type=\"widget\" data-widget_type=\"heading.default\">\n\t\t\t\t<div class=\"elementor-widget-container\">\n\t\t\t\t\t<h4 class=\"elementor-heading-title elementor-size-default\">Telekommunikation<\/h4>\t\t\t\t<\/div>\n\t\t\t\t<\/div>\n\t\t\t\t<div class=\"elementor-element elementor-element-c5fffa6 elementor-widget elementor-widget-text-editor\" data-id=\"c5fffa6\" data-element_type=\"widget\" data-widget_type=\"text-editor.default\">\n\t\t\t\t<div class=\"elementor-widget-container\">\n\t\t\t\t\t\t\t\t\t<p>Eine St\u00f6rung im Mobilfunknetz muss schnell behoben werden. Manche Standorte sind so schwer zu erreichen, dass nur ein Kran eingesetzt werden kann, um die Antenne zu erreichen. Zum Gl\u00fcck bietet Rope Access eine schnelle und kosteng\u00fcnstige Alternative. Es m\u00fcssen keine Stra\u00dfen gesperrt werden und man muss nicht warten, bis ein Kran aufgestellt ist. Unsere Rope Access-Mitarbeiter k\u00f6nnen die St\u00f6rung einfach und sicher beheben.<\/p>\n\t\t\t\t\t\t\t\t<\/div>\n\t\t\t\t<\/div>\n\t\t\t\t\t<\/div>\n\t\t<\/div>\n\t\t\t\t\t<\/div>\n\t\t<\/section>\n\t\t\t\t<section class=\"elementor-section elementor-inner-section elementor-element elementor-element-8900807 elementor-section-boxed elementor-section-height-default elementor-section-height-default\" data-id=\"8900807\" data-element_type=\"section\">\n\t\t\t\t\t\t<div class=\"elementor-container elementor-column-gap-default\">\n\t\t\t\t\t<div class=\"elementor-column elementor-col-50 elementor-inner-column elementor-element elementor-element-87d6fff\" data-id=\"87d6fff\" data-element_type=\"column\">\n\t\t\t<div class=\"elementor-widget-wrap elementor-element-populated\">\n\t\t\t\t\t\t<div class=\"elementor-element elementor-element-bf28687 elementor-widget elementor-widget-image\" data-id=\"bf28687\" data-element_type=\"widget\" data-widget_type=\"image.default\">\n\t\t\t\t<div class=\"elementor-widget-container\">\n\t\t\t\t\t\t\t\t\t\t\t\t\t\t\t<img decoding=\"async\" src=\"https:\/\/www.lineofsight.eu\/wp-content\/uploads\/elementor\/thumbs\/offshore-scaled-q9226stjtlb4cgxtdg6mebxmetju9e9zbcpfp3ctmo.jpg\" title=\"Male worker rope access  inspection of thickness offshore drill\" alt=\"Male worker rope access  inspection of thickness offshore drill yellow oil and gas production petroleum pipeline.\" loading=\"lazy\" \/>\t\t\t\t\t\t\t\t\t\t\t\t\t\t\t<\/div>\n\t\t\t\t<\/div>\n\t\t\t\t<div class=\"elementor-element elementor-element-31f73af elementor-widget elementor-widget-heading\" data-id=\"31f73af\" data-element_type=\"widget\" data-widget_type=\"heading.default\">\n\t\t\t\t<div class=\"elementor-widget-container\">\n\t\t\t\t\t<h4 class=\"elementor-heading-title elementor-size-default\">Offshore<\/h4>\t\t\t\t<\/div>\n\t\t\t\t<\/div>\n\t\t\t\t<div class=\"elementor-element elementor-element-ba39749 elementor-widget elementor-widget-text-editor\" data-id=\"ba39749\" data-element_type=\"widget\" data-widget_type=\"text-editor.default\">\n\t\t\t\t<div class=\"elementor-widget-container\">\n\t\t\t\t\t\t\t\t\t<p>Offshore-Arbeiten sind vielf\u00e4ltig, und an vielen Stellen kann der seilunterst\u00fctzte Zugang dazu dienen, in die H\u00f6he oder Tiefe zu gelangen. So f\u00fchren wir zum Beispiel Inspektionen von Stahlseilen an Bord von Plattformen durch.<\/p>\n\t\t\t\t\t\t\t\t<\/div>\n\t\t\t\t<\/div>\n\t\t\t\t\t<\/div>\n\t\t<\/div>\n\t\t\t\t<div class=\"elementor-column elementor-col-50 elementor-inner-column elementor-element elementor-element-0cf1992\" data-id=\"0cf1992\" data-element_type=\"column\">\n\t\t\t<div class=\"elementor-widget-wrap elementor-element-populated\">\n\t\t\t\t\t\t<div class=\"elementor-element elementor-element-1e16f5b elementor-widget elementor-widget-image\" data-id=\"1e16f5b\" data-element_type=\"widget\" data-widget_type=\"image.default\">\n\t\t\t\t<div class=\"elementor-widget-container\">\n\t\t\t\t\t\t\t\t\t\t\t\t\t\t\t<img decoding=\"async\" src=\"https:\/\/www.lineofsight.eu\/wp-content\/uploads\/elementor\/thumbs\/windenergie-3-2-scaled-q922b2z2yf658ipwdatfr917u0g1br9ykjp2eh09a8.jpg\" title=\"Wartungsarbeiten an Windenergieanlage\" alt=\"Wartungsarbeiten an Windenergieanlage\" loading=\"lazy\" \/>\t\t\t\t\t\t\t\t\t\t\t\t\t\t\t<\/div>\n\t\t\t\t<\/div>\n\t\t\t\t<div class=\"elementor-element elementor-element-81a2ec5 elementor-widget elementor-widget-heading\" data-id=\"81a2ec5\" data-element_type=\"widget\" data-widget_type=\"heading.default\">\n\t\t\t\t<div class=\"elementor-widget-container\">\n\t\t\t\t\t<h4 class=\"elementor-heading-title elementor-size-default\">Windenergie<\/h4>\t\t\t\t<\/div>\n\t\t\t\t<\/div>\n\t\t\t\t<div class=\"elementor-element elementor-element-82f68b0 elementor-widget elementor-widget-text-editor\" data-id=\"82f68b0\" data-element_type=\"widget\" data-widget_type=\"text-editor.default\">\n\t\t\t\t<div class=\"elementor-widget-container\">\n\t\t\t\t\t\t\t\t\t<p>Die Inspektion, Wartung und Reparatur von Rotorbl\u00e4ttern und Turbinen wird h\u00e4ufig mit Hilfe von Seilzugangstechnik durchgef\u00fchrt. In gro\u00dfen H\u00f6hen ist dies eine sichere und effiziente Methode, um Arbeiten schnell auszuf\u00fchren.<\/p>\n\t\t\t\t\t\t\t\t<\/div>\n\t\t\t\t<\/div>\n\t\t\t\t\t<\/div>\n\t\t<\/div>\n\t\t\t\t\t<\/div>\n\t\t<\/section>\n\t\t\t\t\t<\/div>\n\t\t<\/div>\n\t\t\t\t\t<\/div>\n\t\t<\/section>\n\t\t\t\t<\/div>\n\t\t","protected":false},"excerpt":{"rendered":"<p>Der Seilzugang erfolgt an schwer zug\u00e4nglichen Stellen, die mit einer Hubarbeitsb\u00fchne nur schwer oder gar nicht erreicht werden k\u00f6nnen oder wo ein Ger\u00fcst nicht in Frage kommt. Mit Kletter- und Abseiltechniken kommen wir fast \u00fcberall hin. Auch an Stellen, die Sie f\u00fcr unzug\u00e4nglich hielten. Unsere Rope-Access-Mitarbeiter sind IRATA-geschult und verf\u00fcgen \u00fcber Erste-Hilfe-Zertifikate. Au\u00dferdem verf\u00fcgen sie[&hellip;]<\/p>\n","protected":false},"author":1,"featured_media":0,"parent":916,"menu_order":5,"comment_status":"closed","ping_status":"closed","template":"elementor_header_footer","meta":{"zakra_general_container_width":0,"zakra_general_content_width":0,"zakra_general_sidebar_width":0,"zakra_sticky_header":"customizer","zakra_header_main_area":true,"zakra_site_logo_width":0,"zakra_header_top_enabled":"customizer","zakra_header_top_style":"customizer","zakra_primary_menu_item_style":"customizer","zakra_page_header_text_color":"","zakra_page_header_layout":"customizer","zakra_page_title_bg":"","zakra_footer_widgets_bg_image":0,"zakra_page_title_bg_repeat":"customizer","zakra_page_title_bg_position":"customizer","zakra_page_title_bg_size":"customizer","zakra_page_title_bg_attachment":"customizer","zakra_breadcrumbs_enabled":"customizer","zakra_breadcrumbs_text_color":"","zakra_breadcrumbs_separator_color":"","zakra_breadcrumbs_link_color":"","zakra_breadcrumbs_link_hover_color":"","zakra_page_title_bg_image":0,"zakra_footer_widgets_enabled":"customizer","zakra_footer_column_layout_1_style":"customizer","zakra_footer_widgets_bg":"","zakra_footer_widgets_bg_repeat":"customizer","zakra_footer_widgets_bg_position":"customizer","zakra_footer_widgets_bg_size":"customizer","zakra_footer_widgets_bg_attachment":"customizer","zakra_footer_bar_enabled":"customizer","zakra_footer_bar_style":"customizer","zakra_page_container_layout":"customizer","zakra_page_sidebar_layout":"customizer","zakra_remove_content_margin":false,"zakra_sidebar":"customizer","zakra_transparent_header":"customizer","zakra_logo":0,"zakra_main_header_style":"default","zakra_menu_item_color":"","zakra_menu_item_hover_color":"","zakra_menu_item_active_color":"","zakra_menu_active_style":"","zakra_page_header":true,"footnotes":""},"class_list":["post-1209","page","type-page","status-publish","hentry"],"_links":{"self":[{"href":"https:\/\/www.lineofsight.eu\/de\/wp-json\/wp\/v2\/pages\/1209","targetHints":{"allow":["GET"]}}],"collection":[{"href":"https:\/\/www.lineofsight.eu\/de\/wp-json\/wp\/v2\/pages"}],"about":[{"href":"https:\/\/www.lineofsight.eu\/de\/wp-json\/wp\/v2\/types\/page"}],"author":[{"embeddable":true,"href":"https:\/\/www.lineofsight.eu\/de\/wp-json\/wp\/v2\/users\/1"}],"replies":[{"embeddable":true,"href":"https:\/\/www.lineofsight.eu\/de\/wp-json\/wp\/v2\/comments?post=1209"}],"version-history":[{"count":0,"href":"https:\/\/www.lineofsight.eu\/de\/wp-json\/wp\/v2\/pages\/1209\/revisions"}],"up":[{"embeddable":true,"href":"https:\/\/www.lineofsight.eu\/de\/wp-json\/wp\/v2\/pages\/916"}],"wp:attachment":[{"href":"https:\/\/www.lineofsight.eu\/de\/wp-json\/wp\/v2\/media?parent=1209"}],"curies":[{"name":"wp","href":"https:\/\/api.w.org\/{rel}","templated":true}]}}