{"id":934,"date":"2022-02-07T20:33:20","date_gmt":"2022-02-07T19:33:20","guid":{"rendered":"https:\/\/www.lineofsight.eu\/ueber-uns\/"},"modified":"2025-02-25T18:21:40","modified_gmt":"2025-02-25T17:21:40","slug":"ueber-uns","status":"publish","type":"page","link":"https:\/\/www.lineofsight.eu\/de\/ueber-uns\/","title":{"rendered":"\u00dcber uns"},"content":{"rendered":"\t\t<div data-elementor-type=\"wp-post\" data-elementor-id=\"934\" class=\"elementor elementor-934 elementor-106\">\n\t\t\t\t\t\t<section class=\"elementor-section elementor-top-section elementor-element elementor-element-3cf798b1 elementor-section-boxed elementor-section-height-default elementor-section-height-default\" data-id=\"3cf798b1\" data-element_type=\"section\">\n\t\t\t\t\t\t<div class=\"elementor-container elementor-column-gap-no\">\n\t\t\t\t\t<div class=\"elementor-column elementor-col-16 elementor-top-column elementor-element elementor-element-4238ff51\" data-id=\"4238ff51\" data-element_type=\"column\">\n\t\t\t<div class=\"elementor-widget-wrap\">\n\t\t\t\t\t\t\t<\/div>\n\t\t<\/div>\n\t\t\t\t<div class=\"elementor-column elementor-col-66 elementor-top-column elementor-element elementor-element-5ecab37\" data-id=\"5ecab37\" data-element_type=\"column\">\n\t\t\t<div class=\"elementor-widget-wrap elementor-element-populated\">\n\t\t\t\t\t\t<div class=\"elementor-element elementor-element-56ce293 elementor-widget elementor-widget-text-editor\" data-id=\"56ce293\" data-element_type=\"widget\" data-widget_type=\"text-editor.default\">\n\t\t\t\t<div class=\"elementor-widget-container\">\n\t\t\t\t\t\t\t\t\t<p>Line of Sight ist ein Unternehmen, das sich auf die Durchf\u00fchrung von Arbeiten in der H\u00f6he und an schwer zug\u00e4nglichen Orten spezialisiert hat.<\/p><p>Im Jahr 2006 begannen wir mit der Durchf\u00fchrung von Line of Sight (LOS), d.h. der \u00dcberpr\u00fcfung m\u00f6glicher Strahleng\u00e4nge durch Fotografie f\u00fcr Telekommunikationsunternehmen an Standorten in den Niederlanden und Deutschland. Diese Standorte sind oft Masten oder (hohe) Geb\u00e4ude. Wir klettern auf Masten, und auch f\u00fcr die Arbeit auf Geb\u00e4uded\u00e4chern ist die notwendige Sicherheitsausr\u00fcstung vorhanden.<\/p><p>F\u00fcr Standorte, die noch nicht gebaut wurden oder die wir nicht besteigen k\u00f6nnen (wie Hochspannungsmasten), setzen wir eine Drohne ein. Mit unserer Drohne f\u00fchren wir neben dem LOS auch Inspektionen durch. Die Kamera unter der Drohne ist von so guter Qualit\u00e4t, dass sie sehr detaillierte Bilder von einem Mast oder einem anderen Standort aufnimmt.<\/p><p>An schwer zug\u00e4nglichen Stellen, die mit einer Hubarbeitsb\u00fchne nicht erreicht werden k\u00f6nnen oder an denen ein Ger\u00fcst keine realistische Option ist, k\u00f6nnen wir auch Seilzugangsspezialisten einsetzen. Mit Hilfe von Kletter- und Abseiltechniken k\u00f6nnen wir fast jeden Ort erreichen, um Arbeiten auszuf\u00fchren.<\/p><p>Line of Sight ist Mitglied der DCRO Association of Dutch Certified RPAS Operators, dem Fachverband f\u00fcr zertifizierte Drohnenbetreiber in den Niederlanden.<\/p><p><a href=\"https:\/\/www.dcro.nl\/\" target=\"_blank\" rel=\"noopener\"><img decoding=\"async\" class=\"alignnone wp-image-2047\" src=\"https:\/\/www.lineofsight.eu\/wp-content\/uploads\/2025\/02\/DCRO-Logo-300x122.png\" alt=\"\" width=\"150\" height=\"61\" srcset=\"https:\/\/www.lineofsight.eu\/wp-content\/uploads\/2025\/02\/DCRO-Logo-300x122.png 300w, https:\/\/www.lineofsight.eu\/wp-content\/uploads\/2025\/02\/DCRO-Logo.png 320w\" sizes=\"(max-width: 150px) 100vw, 150px\" \/><\/a><\/p>\t\t\t\t\t\t\t\t<\/div>\n\t\t\t\t<\/div>\n\t\t\t\t\t<\/div>\n\t\t<\/div>\n\t\t\t\t<div class=\"elementor-column elementor-col-16 elementor-top-column elementor-element elementor-element-e8ce1c4\" data-id=\"e8ce1c4\" data-element_type=\"column\">\n\t\t\t<div class=\"elementor-widget-wrap\">\n\t\t\t\t\t\t\t<\/div>\n\t\t<\/div>\n\t\t\t\t\t<\/div>\n\t\t<\/section>\n\t\t\t\t<section class=\"elementor-section elementor-top-section elementor-element elementor-element-37c7bfec elementor-section-stretched elementor-section-boxed elementor-section-height-default elementor-section-height-default\" data-id=\"37c7bfec\" data-element_type=\"section\" data-settings=\"{&quot;stretch_section&quot;:&quot;section-stretched&quot;,&quot;background_background&quot;:&quot;classic&quot;,&quot;shape_divider_top&quot;:&quot;tilt&quot;,&quot;shape_divider_bottom&quot;:&quot;tilt&quot;}\">\n\t\t\t\t\t<div class=\"elementor-shape elementor-shape-top\" aria-hidden=\"true\" data-negative=\"false\">\n\t\t\t<svg xmlns=\"http:\/\/www.w3.org\/2000\/svg\" viewBox=\"0 0 1000 100\" preserveAspectRatio=\"none\">\n\t<path class=\"elementor-shape-fill\" d=\"M0,6V0h1000v100L0,6z\"\/>\n<\/svg>\t\t<\/div>\n\t\t\t\t<div class=\"elementor-shape elementor-shape-bottom\" aria-hidden=\"true\" data-negative=\"false\">\n\t\t\t<svg xmlns=\"http:\/\/www.w3.org\/2000\/svg\" viewBox=\"0 0 1000 100\" preserveAspectRatio=\"none\">\n\t<path class=\"elementor-shape-fill\" d=\"M0,6V0h1000v100L0,6z\"\/>\n<\/svg>\t\t<\/div>\n\t\t\t\t\t<div class=\"elementor-container elementor-column-gap-default\">\n\t\t\t\t\t<div class=\"elementor-column elementor-col-100 elementor-top-column elementor-element elementor-element-323111d3\" data-id=\"323111d3\" data-element_type=\"column\">\n\t\t\t<div class=\"elementor-widget-wrap elementor-element-populated\">\n\t\t\t\t\t\t<div class=\"elementor-element elementor-element-6e8c8b8 elementor-widget elementor-widget-heading\" data-id=\"6e8c8b8\" data-element_type=\"widget\" data-widget_type=\"heading.default\">\n\t\t\t\t<div class=\"elementor-widget-container\">\n\t\t\t\t\t<h3 class=\"elementor-heading-title elementor-size-default\">Unsere Kunden<br><\/h3>\t\t\t\t<\/div>\n\t\t\t\t<\/div>\n\t\t\t\t<section class=\"elementor-section elementor-inner-section elementor-element elementor-element-8c8f288 elementor-section-content-middle elementor-section-boxed elementor-section-height-default elementor-section-height-default\" data-id=\"8c8f288\" data-element_type=\"section\">\n\t\t\t\t\t\t<div class=\"elementor-container elementor-column-gap-wider\">\n\t\t\t\t\t<div class=\"elementor-column elementor-col-25 elementor-inner-column elementor-element elementor-element-add9532\" data-id=\"add9532\" data-element_type=\"column\">\n\t\t\t<div class=\"elementor-widget-wrap elementor-element-populated\">\n\t\t\t\t\t\t<div class=\"elementor-element elementor-element-70fa98a elementor-widget__width-auto elementor-widget elementor-widget-image\" data-id=\"70fa98a\" data-element_type=\"widget\" data-widget_type=\"image.default\">\n\t\t\t\t<div class=\"elementor-widget-container\">\n\t\t\t\t\t\t\t\t\t\t\t\t\t\t\t<img fetchpriority=\"high\" decoding=\"async\" width=\"640\" height=\"170\" src=\"https:\/\/www.lineofsight.eu\/wp-content\/uploads\/2022\/01\/Vodafone_2017_logo.svg_.png\" class=\"attachment-full size-full wp-image-878\" alt=\"Vodafone\" srcset=\"https:\/\/www.lineofsight.eu\/wp-content\/uploads\/2022\/01\/Vodafone_2017_logo.svg_.png 640w, https:\/\/www.lineofsight.eu\/wp-content\/uploads\/2022\/01\/Vodafone_2017_logo.svg_-300x80.png 300w\" sizes=\"(max-width: 640px) 100vw, 640px\" \/>\t\t\t\t\t\t\t\t\t\t\t\t\t\t\t<\/div>\n\t\t\t\t<\/div>\n\t\t\t\t\t<\/div>\n\t\t<\/div>\n\t\t\t\t<div class=\"elementor-column elementor-col-25 elementor-inner-column elementor-element elementor-element-f8878c1\" data-id=\"f8878c1\" data-element_type=\"column\">\n\t\t\t<div class=\"elementor-widget-wrap elementor-element-populated\">\n\t\t\t\t\t\t<div class=\"elementor-element elementor-element-4962b584 elementor-widget__width-auto elementor-widget elementor-widget-image\" data-id=\"4962b584\" data-element_type=\"widget\" data-widget_type=\"image.default\">\n\t\t\t\t<div class=\"elementor-widget-container\">\n\t\t\t\t\t\t\t\t\t\t\t\t\t\t\t<img decoding=\"async\" width=\"800\" height=\"450\" src=\"https:\/\/www.lineofsight.eu\/wp-content\/uploads\/2023\/11\/oidido-t.png\" class=\"attachment-full size-full wp-image-1668\" alt=\"\" srcset=\"https:\/\/www.lineofsight.eu\/wp-content\/uploads\/2023\/11\/oidido-t.png 800w, https:\/\/www.lineofsight.eu\/wp-content\/uploads\/2023\/11\/oidido-t-300x169.png 300w, https:\/\/www.lineofsight.eu\/wp-content\/uploads\/2023\/11\/oidido-t-768x432.png 768w\" sizes=\"(max-width: 800px) 100vw, 800px\" \/>\t\t\t\t\t\t\t\t\t\t\t\t\t\t\t<\/div>\n\t\t\t\t<\/div>\n\t\t\t\t\t<\/div>\n\t\t<\/div>\n\t\t\t\t<div class=\"elementor-column elementor-col-25 elementor-inner-column elementor-element elementor-element-7374782\" data-id=\"7374782\" data-element_type=\"column\">\n\t\t\t<div class=\"elementor-widget-wrap elementor-element-populated\">\n\t\t\t\t\t\t<div class=\"elementor-element elementor-element-ea87f56 elementor-widget__width-auto elementor-widget elementor-widget-image\" data-id=\"ea87f56\" data-element_type=\"widget\" data-widget_type=\"image.default\">\n\t\t\t\t<div class=\"elementor-widget-container\">\n\t\t\t\t\t\t\t\t\t\t\t\t\t\t\t<img loading=\"lazy\" decoding=\"async\" width=\"2560\" height=\"1078\" src=\"https:\/\/www.lineofsight.eu\/wp-content\/uploads\/2022\/01\/2560px-KPN-Logo.png\" class=\"attachment-full size-full wp-image-874\" alt=\"\" srcset=\"https:\/\/www.lineofsight.eu\/wp-content\/uploads\/2022\/01\/2560px-KPN-Logo.png 2560w, https:\/\/www.lineofsight.eu\/wp-content\/uploads\/2022\/01\/2560px-KPN-Logo-300x126.png 300w, https:\/\/www.lineofsight.eu\/wp-content\/uploads\/2022\/01\/2560px-KPN-Logo-1024x431.png 1024w, https:\/\/www.lineofsight.eu\/wp-content\/uploads\/2022\/01\/2560px-KPN-Logo-768x323.png 768w, https:\/\/www.lineofsight.eu\/wp-content\/uploads\/2022\/01\/2560px-KPN-Logo-1536x647.png 1536w, https:\/\/www.lineofsight.eu\/wp-content\/uploads\/2022\/01\/2560px-KPN-Logo-2048x862.png 2048w\" sizes=\"(max-width: 2560px) 100vw, 2560px\" \/>\t\t\t\t\t\t\t\t\t\t\t\t\t\t\t<\/div>\n\t\t\t\t<\/div>\n\t\t\t\t\t<\/div>\n\t\t<\/div>\n\t\t\t\t<div class=\"elementor-column elementor-col-25 elementor-inner-column elementor-element elementor-element-c553767\" data-id=\"c553767\" data-element_type=\"column\">\n\t\t\t<div class=\"elementor-widget-wrap elementor-element-populated\">\n\t\t\t\t\t\t<div class=\"elementor-element elementor-element-b9b6cfb elementor-widget__width-auto elementor-widget elementor-widget-image\" data-id=\"b9b6cfb\" data-element_type=\"widget\" data-widget_type=\"image.default\">\n\t\t\t\t<div class=\"elementor-widget-container\">\n\t\t\t\t\t\t\t\t\t\t\t\t\t\t\t<img loading=\"lazy\" decoding=\"async\" width=\"1200\" height=\"675\" src=\"https:\/\/www.lineofsight.eu\/wp-content\/uploads\/2022\/02\/Ericsson-logo.png\" class=\"attachment-full size-full wp-image-961\" alt=\"Ericsson logo\" srcset=\"https:\/\/www.lineofsight.eu\/wp-content\/uploads\/2022\/02\/Ericsson-logo.png 1200w, https:\/\/www.lineofsight.eu\/wp-content\/uploads\/2022\/02\/Ericsson-logo-300x169.png 300w, https:\/\/www.lineofsight.eu\/wp-content\/uploads\/2022\/02\/Ericsson-logo-1024x576.png 1024w, https:\/\/www.lineofsight.eu\/wp-content\/uploads\/2022\/02\/Ericsson-logo-768x432.png 768w\" sizes=\"(max-width: 1200px) 100vw, 1200px\" \/>\t\t\t\t\t\t\t\t\t\t\t\t\t\t\t<\/div>\n\t\t\t\t<\/div>\n\t\t\t\t\t<\/div>\n\t\t<\/div>\n\t\t\t\t\t<\/div>\n\t\t<\/section>\n\t\t\t\t<section class=\"elementor-section elementor-inner-section elementor-element elementor-element-0a4e5ec elementor-section-content-middle elementor-section-boxed elementor-section-height-default elementor-section-height-default\" data-id=\"0a4e5ec\" data-element_type=\"section\">\n\t\t\t\t\t\t<div class=\"elementor-container elementor-column-gap-wider\">\n\t\t\t\t\t<div class=\"elementor-column elementor-col-25 elementor-inner-column elementor-element elementor-element-9d874b9\" data-id=\"9d874b9\" data-element_type=\"column\">\n\t\t\t<div class=\"elementor-widget-wrap elementor-element-populated\">\n\t\t\t\t\t\t<div class=\"elementor-element elementor-element-cb4aee4 elementor-widget__width-auto elementor-widget elementor-widget-image\" data-id=\"cb4aee4\" data-element_type=\"widget\" data-widget_type=\"image.default\">\n\t\t\t\t<div class=\"elementor-widget-container\">\n\t\t\t\t\t\t\t\t\t\t\t\t\t\t\t<img loading=\"lazy\" decoding=\"async\" width=\"308\" height=\"42\" src=\"https:\/\/www.lineofsight.eu\/wp-content\/uploads\/2025\/02\/Connect44_logo_color.png\" class=\"attachment-full size-full wp-image-2139\" alt=\"\" srcset=\"https:\/\/www.lineofsight.eu\/wp-content\/uploads\/2025\/02\/Connect44_logo_color.png 308w, https:\/\/www.lineofsight.eu\/wp-content\/uploads\/2025\/02\/Connect44_logo_color-300x41.png 300w\" sizes=\"(max-width: 308px) 100vw, 308px\" \/>\t\t\t\t\t\t\t\t\t\t\t\t\t\t\t<\/div>\n\t\t\t\t<\/div>\n\t\t\t\t\t<\/div>\n\t\t<\/div>\n\t\t\t\t<div class=\"elementor-column elementor-col-25 elementor-inner-column elementor-element elementor-element-9ea4103\" data-id=\"9ea4103\" data-element_type=\"column\">\n\t\t\t<div class=\"elementor-widget-wrap elementor-element-populated\">\n\t\t\t\t\t\t<div class=\"elementor-element elementor-element-5b35e35 elementor-widget__width-auto elementor-widget elementor-widget-image\" data-id=\"5b35e35\" data-element_type=\"widget\" data-widget_type=\"image.default\">\n\t\t\t\t<div class=\"elementor-widget-container\">\n\t\t\t\t\t\t\t\t\t\t\t\t\t\t\t<img loading=\"lazy\" decoding=\"async\" width=\"283\" height=\"96\" src=\"https:\/\/www.lineofsight.eu\/wp-content\/uploads\/2025\/02\/logo-hanab.gif\" class=\"attachment-full size-full wp-image-2155\" alt=\"\" \/>\t\t\t\t\t\t\t\t\t\t\t\t\t\t\t<\/div>\n\t\t\t\t<\/div>\n\t\t\t\t\t<\/div>\n\t\t<\/div>\n\t\t\t\t<div class=\"elementor-column elementor-col-25 elementor-inner-column elementor-element elementor-element-0c53194\" data-id=\"0c53194\" data-element_type=\"column\">\n\t\t\t<div class=\"elementor-widget-wrap elementor-element-populated\">\n\t\t\t\t\t\t<div class=\"elementor-element elementor-element-b4203e1 elementor-widget__width-auto elementor-widget elementor-widget-image\" data-id=\"b4203e1\" data-element_type=\"widget\" data-widget_type=\"image.default\">\n\t\t\t\t<div class=\"elementor-widget-container\">\n\t\t\t\t\t\t\t\t\t\t\t\t\t\t\t<img loading=\"lazy\" decoding=\"async\" width=\"337\" height=\"133\" src=\"https:\/\/www.lineofsight.eu\/wp-content\/uploads\/2022\/01\/TripleA_Networks_logo-klein-v2-337-x-133.png\" class=\"attachment-full size-full wp-image-882\" alt=\"TripleA Networks\" srcset=\"https:\/\/www.lineofsight.eu\/wp-content\/uploads\/2022\/01\/TripleA_Networks_logo-klein-v2-337-x-133.png 337w, https:\/\/www.lineofsight.eu\/wp-content\/uploads\/2022\/01\/TripleA_Networks_logo-klein-v2-337-x-133-300x118.png 300w\" sizes=\"(max-width: 337px) 100vw, 337px\" \/>\t\t\t\t\t\t\t\t\t\t\t\t\t\t\t<\/div>\n\t\t\t\t<\/div>\n\t\t\t\t\t<\/div>\n\t\t<\/div>\n\t\t\t\t<div class=\"elementor-column elementor-col-25 elementor-inner-column elementor-element elementor-element-d1f41a9\" data-id=\"d1f41a9\" data-element_type=\"column\">\n\t\t\t<div class=\"elementor-widget-wrap elementor-element-populated\">\n\t\t\t\t\t\t<div class=\"elementor-element elementor-element-610c358 elementor-widget__width-auto elementor-widget elementor-widget-image\" data-id=\"610c358\" data-element_type=\"widget\" data-widget_type=\"image.default\">\n\t\t\t\t<div class=\"elementor-widget-container\">\n\t\t\t\t\t\t\t\t\t\t\t\t\t\t\t<img loading=\"lazy\" decoding=\"async\" width=\"526\" height=\"160\" src=\"https:\/\/www.lineofsight.eu\/wp-content\/uploads\/2022\/01\/Triopt-Group-526x160-1.png\" class=\"attachment-full size-full wp-image-884\" alt=\"Triopt Group\" srcset=\"https:\/\/www.lineofsight.eu\/wp-content\/uploads\/2022\/01\/Triopt-Group-526x160-1.png 526w, https:\/\/www.lineofsight.eu\/wp-content\/uploads\/2022\/01\/Triopt-Group-526x160-1-300x91.png 300w\" sizes=\"(max-width: 526px) 100vw, 526px\" \/>\t\t\t\t\t\t\t\t\t\t\t\t\t\t\t<\/div>\n\t\t\t\t<\/div>\n\t\t\t\t\t<\/div>\n\t\t<\/div>\n\t\t\t\t\t<\/div>\n\t\t<\/section>\n\t\t\t\t<section class=\"elementor-section elementor-inner-section elementor-element elementor-element-55b539c elementor-section-content-middle elementor-section-boxed elementor-section-height-default elementor-section-height-default\" data-id=\"55b539c\" data-element_type=\"section\">\n\t\t\t\t\t\t<div class=\"elementor-container elementor-column-gap-wider\">\n\t\t\t\t\t<div class=\"elementor-column elementor-col-25 elementor-inner-column elementor-element elementor-element-01e90f8\" data-id=\"01e90f8\" data-element_type=\"column\">\n\t\t\t<div class=\"elementor-widget-wrap elementor-element-populated\">\n\t\t\t\t\t\t<div class=\"elementor-element elementor-element-35b598c elementor-widget__width-auto elementor-widget elementor-widget-image\" data-id=\"35b598c\" data-element_type=\"widget\" data-widget_type=\"image.default\">\n\t\t\t\t<div class=\"elementor-widget-container\">\n\t\t\t\t\t\t\t\t\t\t\t\t\t\t\t<img loading=\"lazy\" decoding=\"async\" width=\"3840\" height=\"2160\" src=\"https:\/\/www.lineofsight.eu\/wp-content\/uploads\/2024\/01\/Nokia-Log\u043e.png\" class=\"attachment-full size-full wp-image-1839\" alt=\"\" srcset=\"https:\/\/www.lineofsight.eu\/wp-content\/uploads\/2024\/01\/Nokia-Log\u043e.png 3840w, https:\/\/www.lineofsight.eu\/wp-content\/uploads\/2024\/01\/Nokia-Log\u043e-300x169.png 300w, https:\/\/www.lineofsight.eu\/wp-content\/uploads\/2024\/01\/Nokia-Log\u043e-1024x576.png 1024w, https:\/\/www.lineofsight.eu\/wp-content\/uploads\/2024\/01\/Nokia-Log\u043e-768x432.png 768w, https:\/\/www.lineofsight.eu\/wp-content\/uploads\/2024\/01\/Nokia-Log\u043e-1536x864.png 1536w, https:\/\/www.lineofsight.eu\/wp-content\/uploads\/2024\/01\/Nokia-Log\u043e-2048x1152.png 2048w\" sizes=\"(max-width: 3840px) 100vw, 3840px\" \/>\t\t\t\t\t\t\t\t\t\t\t\t\t\t\t<\/div>\n\t\t\t\t<\/div>\n\t\t\t\t\t<\/div>\n\t\t<\/div>\n\t\t\t\t<div class=\"elementor-column elementor-col-25 elementor-inner-column elementor-element elementor-element-e2689ba\" data-id=\"e2689ba\" data-element_type=\"column\">\n\t\t\t<div class=\"elementor-widget-wrap elementor-element-populated\">\n\t\t\t\t\t\t<div class=\"elementor-element elementor-element-335607c elementor-widget__width-auto elementor-widget elementor-widget-image\" data-id=\"335607c\" data-element_type=\"widget\" data-widget_type=\"image.default\">\n\t\t\t\t<div class=\"elementor-widget-container\">\n\t\t\t\t\t\t\t\t\t\t\t\t\t\t\t<img loading=\"lazy\" decoding=\"async\" width=\"200\" height=\"200\" src=\"https:\/\/www.lineofsight.eu\/wp-content\/uploads\/2024\/01\/logo-wl-winet.png\" class=\"attachment-full size-full wp-image-1827\" alt=\"\" srcset=\"https:\/\/www.lineofsight.eu\/wp-content\/uploads\/2024\/01\/logo-wl-winet.png 200w, https:\/\/www.lineofsight.eu\/wp-content\/uploads\/2024\/01\/logo-wl-winet-150x150.png 150w\" sizes=\"(max-width: 200px) 100vw, 200px\" \/>\t\t\t\t\t\t\t\t\t\t\t\t\t\t\t<\/div>\n\t\t\t\t<\/div>\n\t\t\t\t\t<\/div>\n\t\t<\/div>\n\t\t\t\t<div class=\"elementor-column elementor-col-25 elementor-inner-column elementor-element elementor-element-d3b941e\" data-id=\"d3b941e\" data-element_type=\"column\">\n\t\t\t<div class=\"elementor-widget-wrap elementor-element-populated\">\n\t\t\t\t\t\t<div class=\"elementor-element elementor-element-95674b6 elementor-widget__width-auto elementor-widget elementor-widget-image\" data-id=\"95674b6\" data-element_type=\"widget\" data-widget_type=\"image.default\">\n\t\t\t\t<div class=\"elementor-widget-container\">\n\t\t\t\t\t\t\t\t\t\t\t\t\t\t\t<img loading=\"lazy\" decoding=\"async\" width=\"392\" height=\"155\" src=\"https:\/\/www.lineofsight.eu\/wp-content\/uploads\/2025\/02\/bouwbedrijf-hendriks-gemert-bv.png\" class=\"attachment-full size-full wp-image-2124\" alt=\"\" srcset=\"https:\/\/www.lineofsight.eu\/wp-content\/uploads\/2025\/02\/bouwbedrijf-hendriks-gemert-bv.png 392w, https:\/\/www.lineofsight.eu\/wp-content\/uploads\/2025\/02\/bouwbedrijf-hendriks-gemert-bv-300x119.png 300w\" sizes=\"(max-width: 392px) 100vw, 392px\" \/>\t\t\t\t\t\t\t\t\t\t\t\t\t\t\t<\/div>\n\t\t\t\t<\/div>\n\t\t\t\t\t<\/div>\n\t\t<\/div>\n\t\t\t\t<div class=\"elementor-column elementor-col-25 elementor-inner-column elementor-element elementor-element-eb332ce\" data-id=\"eb332ce\" data-element_type=\"column\">\n\t\t\t<div class=\"elementor-widget-wrap elementor-element-populated\">\n\t\t\t\t\t\t<div class=\"elementor-element elementor-element-0524f6a elementor-widget elementor-widget-image\" data-id=\"0524f6a\" data-element_type=\"widget\" data-widget_type=\"image.default\">\n\t\t\t\t<div class=\"elementor-widget-container\">\n\t\t\t\t\t\t\t\t\t\t\t\t\t\t\t<img loading=\"lazy\" decoding=\"async\" width=\"480\" height=\"154\" src=\"https:\/\/www.lineofsight.eu\/wp-content\/uploads\/2025\/02\/daal-logo.png\" class=\"attachment-large size-large wp-image-2120\" alt=\"\" srcset=\"https:\/\/www.lineofsight.eu\/wp-content\/uploads\/2025\/02\/daal-logo.png 480w, https:\/\/www.lineofsight.eu\/wp-content\/uploads\/2025\/02\/daal-logo-300x96.png 300w\" sizes=\"(max-width: 480px) 100vw, 480px\" \/>\t\t\t\t\t\t\t\t\t\t\t\t\t\t\t<\/div>\n\t\t\t\t<\/div>\n\t\t\t\t\t<\/div>\n\t\t<\/div>\n\t\t\t\t\t<\/div>\n\t\t<\/section>\n\t\t\t\t\t<\/div>\n\t\t<\/div>\n\t\t\t\t\t<\/div>\n\t\t<\/section>\n\t\t\t\t<section class=\"elementor-section elementor-top-section elementor-element elementor-element-19df271 elementor-section-boxed elementor-section-height-default elementor-section-height-default\" data-id=\"19df271\" data-element_type=\"section\">\n\t\t\t\t\t\t<div class=\"elementor-container elementor-column-gap-no\">\n\t\t\t\t\t<div class=\"elementor-column elementor-col-100 elementor-top-column elementor-element elementor-element-a6b8172\" data-id=\"a6b8172\" data-element_type=\"column\">\n\t\t\t<div class=\"elementor-widget-wrap\">\n\t\t\t\t\t\t\t<\/div>\n\t\t<\/div>\n\t\t\t\t\t<\/div>\n\t\t<\/section>\n\t\t\t\t<\/div>\n\t\t","protected":false},"excerpt":{"rendered":"<p>Line of Sight ist ein Unternehmen, das sich auf die Durchf\u00fchrung von Arbeiten in der H\u00f6he und an schwer zug\u00e4nglichen Orten spezialisiert hat. Im Jahr 2006 begannen wir mit der Durchf\u00fchrung von Line of Sight (LOS), d.h. der \u00dcberpr\u00fcfung m\u00f6glicher Strahleng\u00e4nge durch Fotografie f\u00fcr Telekommunikationsunternehmen an Standorten in den Niederlanden und Deutschland. Diese Standorte sind[&hellip;]<\/p>\n","protected":false},"author":1,"featured_media":0,"parent":0,"menu_order":0,"comment_status":"closed","ping_status":"closed","template":"elementor_header_footer","meta":{"zakra_general_container_width":0,"zakra_general_content_width":0,"zakra_general_sidebar_width":0,"zakra_sticky_header":"customizer","zakra_header_main_area":true,"zakra_site_logo_width":0,"zakra_header_top_enabled":"customizer","zakra_header_top_style":"customizer","zakra_primary_menu_item_style":"customizer","zakra_page_header_text_color":"","zakra_page_header_layout":"customizer","zakra_page_title_bg":"","zakra_footer_widgets_bg_image":0,"zakra_page_title_bg_repeat":"customizer","zakra_page_title_bg_position":"customizer","zakra_page_title_bg_size":"customizer","zakra_page_title_bg_attachment":"customizer","zakra_breadcrumbs_enabled":"customizer","zakra_breadcrumbs_text_color":"","zakra_breadcrumbs_separator_color":"","zakra_breadcrumbs_link_color":"","zakra_breadcrumbs_link_hover_color":"","zakra_page_title_bg_image":0,"zakra_footer_widgets_enabled":"customizer","zakra_footer_column_layout_1_style":"customizer","zakra_footer_widgets_bg":"","zakra_footer_widgets_bg_repeat":"customizer","zakra_footer_widgets_bg_position":"customizer","zakra_footer_widgets_bg_size":"customizer","zakra_footer_widgets_bg_attachment":"customizer","zakra_footer_bar_enabled":"customizer","zakra_footer_bar_style":"customizer","zakra_page_container_layout":"customizer","zakra_page_sidebar_layout":"customizer","zakra_remove_content_margin":false,"zakra_sidebar":"customizer","zakra_transparent_header":"customizer","zakra_logo":0,"zakra_main_header_style":"default","zakra_menu_item_color":"","zakra_menu_item_hover_color":"","zakra_menu_item_active_color":"","zakra_menu_active_style":"","zakra_page_header":true,"footnotes":""},"class_list":["post-934","page","type-page","status-publish","hentry"],"_links":{"self":[{"href":"https:\/\/www.lineofsight.eu\/de\/wp-json\/wp\/v2\/pages\/934","targetHints":{"allow":["GET"]}}],"collection":[{"href":"https:\/\/www.lineofsight.eu\/de\/wp-json\/wp\/v2\/pages"}],"about":[{"href":"https:\/\/www.lineofsight.eu\/de\/wp-json\/wp\/v2\/types\/page"}],"author":[{"embeddable":true,"href":"https:\/\/www.lineofsight.eu\/de\/wp-json\/wp\/v2\/users\/1"}],"replies":[{"embeddable":true,"href":"https:\/\/www.lineofsight.eu\/de\/wp-json\/wp\/v2\/comments?post=934"}],"version-history":[{"count":0,"href":"https:\/\/www.lineofsight.eu\/de\/wp-json\/wp\/v2\/pages\/934\/revisions"}],"wp:attachment":[{"href":"https:\/\/www.lineofsight.eu\/de\/wp-json\/wp\/v2\/media?parent=934"}],"curies":[{"name":"wp","href":"https:\/\/api.w.org\/{rel}","templated":true}]}}